{"id":1169,"date":"2024-04-25T23:39:59","date_gmt":"2024-04-25T23:39:59","guid":{"rendered":"https:\/\/outlanders.com.co\/?page_id=1169"},"modified":"2024-08-13T18:10:29","modified_gmt":"2024-08-13T18:10:29","slug":"blog","status":"publish","type":"page","link":"https:\/\/outlanders.com.co\/es\/blog\/","title":{"rendered":"Blog"},"content":{"rendered":"<div data-elementor-type=\"wp-page\" data-elementor-id=\"1169\" class=\"elementor elementor-1169\">\n\t\t\t\t<div class=\"elementor-element elementor-element-5bce1bc e-con-full e-flex wpr-particle-no wpr-jarallax-no wpr-parallax-no wpr-sticky-section-no e-con e-parent\" data-id=\"5bce1bc\" data-element_type=\"container\">\n\t\t\t\t<div class=\"elementor-element elementor-element-a80769b wpr-grid-columns-3 wpr-grid-columns--tablet2 wpr-grid-columns--mobile1 wpr-grid-pagination-center wpr-item-styles-inner elementor-widget elementor-widget-wpr-grid\" data-id=\"a80769b\" data-element_type=\"widget\" data-widget_type=\"wpr-grid.default\">\n\t\t\t\t<div class=\"elementor-widget-container\">\n\t\t\t\t\t<ul class=\"wpr-grid-filters elementor-clearfix wpr-grid-filters-sep-right\"><li class=\"wpr-pointer-none wpr-pointer-line-fx wpr-pointer-fx-none\"><span  data-filter=\"*\" class=\"wpr-grid-filters-item wpr-active-filter\">All Posts<\/span><em class=\"wpr-grid-filters-sep\"><\/em><\/li><li class=\"wpr-pointer-none wpr-pointer-line-fx wpr-pointer-fx-none\"><span   data-ajax-filter=\"[\"category\",\"blog\"]\" data-filter=\".category-blog\">Blog<\/span><em class=\"wpr-grid-filters-sep\"><\/em><\/li><\/ul><section class=\"wpr-grid elementor-clearfix\" data-settings=\"{&quot;layout&quot;:&quot;fitRows&quot;,&quot;stick_last_element_to_bottom&quot;:&quot;&quot;,&quot;columns_desktop&quot;:3,&quot;gutter_hr&quot;:15,&quot;gutter_hr_mobile&quot;:15,&quot;gutter_hr_mobile_extra&quot;:15,&quot;gutter_hr_tablet&quot;:15,&quot;gutter_hr_tablet_extra&quot;:15,&quot;gutter_hr_laptop&quot;:15,&quot;gutter_hr_widescreen&quot;:15,&quot;gutter_vr&quot;:15,&quot;gutter_vr_mobile&quot;:15,&quot;gutter_vr_mobile_extra&quot;:15,&quot;gutter_vr_tablet&quot;:15,&quot;gutter_vr_tablet_extra&quot;:15,&quot;gutter_vr_laptop&quot;:15,&quot;gutter_vr_widescreen&quot;:15,&quot;animation&quot;:&quot;default&quot;,&quot;animation_duration&quot;:0.3,&quot;animation_delay&quot;:0.1,&quot;deeplinking&quot;:&quot;&quot;,&quot;filters_linkable&quot;:&quot;no&quot;,&quot;filters_default_filter&quot;:&quot;&quot;,&quot;filters_count&quot;:&quot;&quot;,&quot;filters_hide_empty&quot;:&quot;no&quot;,&quot;filters_animation&quot;:&quot;default&quot;,&quot;filters_animation_duration&quot;:0.3,&quot;filters_animation_delay&quot;:0.1,&quot;pagination_type&quot;:&quot;load-more&quot;,&quot;pagination_max_pages&quot;:1,&quot;lightbox&quot;:{&quot;selector&quot;:&quot;.wpr-grid-image-wrap&quot;,&quot;iframeMaxWidth&quot;:&quot;60%&quot;,&quot;hash&quot;:false,&quot;autoplay&quot;:&quot;true&quot;,&quot;pause&quot;:5000,&quot;progressBar&quot;:&quot;true&quot;,&quot;counter&quot;:&quot;true&quot;,&quot;controls&quot;:&quot;true&quot;,&quot;getCaptionFromTitleOrAlt&quot;:&quot;true&quot;,&quot;thumbnail&quot;:&quot;&quot;,&quot;showThumbByDefault&quot;:&quot;&quot;,&quot;share&quot;:&quot;&quot;,&quot;zoom&quot;:&quot;true&quot;,&quot;fullScreen&quot;:&quot;true&quot;,&quot;download&quot;:&quot;true&quot;}}\"><article class=\"wpr-grid-item elementor-clearfix post-2857 post type-post status-publish format-standard has-post-thumbnail hentry category-blog\"><div class=\"wpr-grid-item-inner\"><div class=\"wpr-grid-media-wrap wpr-effect-size-medium\" data-overlay-link=\"yes\"><div class=\"wpr-grid-image-wrap\" data-src=\"https:\/\/outlanders.com.co\/wp-content\/uploads\/2024\/08\/carrusel-2-3.jpg\" data-img-on-hover=\"\"  data-src-secondary=\"\"><img decoding=\"async\" data-no-lazy=\"1\" src=\"https:\/\/outlanders.com.co\/wp-content\/uploads\/2024\/08\/carrusel-2-3.jpg\" alt=\"WHAT IS THE BEST DESTINATION FOR WHALE WATCHING IN THE COLOMBIAN PACIFIC?\" class=\"wpr-anim-timing-ease-default\"><\/div><div class=\"wpr-grid-media-hover wpr-animation-wrap\"><div class=\"wpr-grid-media-hover-bg  wpr-overlay-fade-in wpr-anim-size-large wpr-anim-timing-ease-default wpr-anim-transparency\" data-url=\"https:\/\/outlanders.com.co\/es\/what-is-the-best-destination-for-whale-watching-in-the-colombian-pacific\/\"><\/div><\/div><\/div><div class=\"wpr-grid-item-below-content elementor-clearfix\"><h2 class=\"wpr-grid-item-title elementor-repeater-item-5e23764 wpr-grid-item-display-block wpr-grid-item-align-left wpr-pointer-none wpr-pointer-line-fx wpr-pointer-fx-fade\"><div class=\"inner-block\"><a target=\"_self\"  href=\"https:\/\/outlanders.com.co\/es\/what-is-the-best-destination-for-whale-watching-in-the-colombian-pacific\/\">\u00bfCU\u00c1L ES EL MEJOR DESTINO PARA EL OBSERVACI\u00d3N DE BALLENAS EN EL PAC\u00cdFICO COLOMBIANO?<\/a><\/div><\/h2><div class=\"wpr-grid-item-date elementor-repeater-item-9b3a1ad wpr-grid-item-display-inline wpr-grid-item-align-left\"><div class=\"inner-block\"><span>agosto 20, 2024<span class=\"wpr-grid-extra-text-right\">\/<\/span><\/span><\/div><\/div><div class=\"wpr-grid-item-comments elementor-repeater-item-c26f320 wpr-grid-item-display-inline wpr-grid-item-align-left\"><div class=\"inner-block\"><a href=\"https:\/\/outlanders.com.co\/es\/what-is-the-best-destination-for-whale-watching-in-the-colombian-pacific\/#respond\"><span>No Comments<\/span><\/a><\/div><\/div><div class=\"wpr-grid-item-excerpt elementor-repeater-item-7204698 wpr-grid-item-display-block wpr-grid-item-align-left\"><div class=\"inner-block\"><p>This is a question that many Colombians and foreigners ask themselves when they want to experience whale watching on the&hellip;<\/p><\/div><\/div><div class=\"wpr-grid-item-read-more elementor-repeater-item-af2f778 wpr-grid-item-display-block wpr-grid-item-align-left\"><div class=\"inner-block\"><a target=\"_self\" href=\"https:\/\/outlanders.com.co\/es\/what-is-the-best-destination-for-whale-watching-in-the-colombian-pacific\/\" class=\"wpr-button-effect wpr-button-none\"><span>Read More<\/span><\/a><\/div><\/div><\/div><\/div><\/article><article class=\"wpr-grid-item elementor-clearfix post-2855 post type-post status-publish format-standard has-post-thumbnail hentry category-blog\"><div class=\"wpr-grid-item-inner\"><div class=\"wpr-grid-media-wrap wpr-effect-size-medium\" data-overlay-link=\"yes\"><div class=\"wpr-grid-image-wrap\" data-src=\"https:\/\/outlanders.com.co\/wp-content\/uploads\/2024\/08\/BLog-2.jpg\" data-img-on-hover=\"\"  data-src-secondary=\"\"><img decoding=\"async\" data-no-lazy=\"1\" src=\"https:\/\/outlanders.com.co\/wp-content\/uploads\/2024\/08\/BLog-2.jpg\" alt=\"EXPLORING CA\u00d1O CRISTALES: THE FIVE COLORS RIVER\" class=\"wpr-anim-timing-ease-default\"><\/div><div class=\"wpr-grid-media-hover wpr-animation-wrap\"><div class=\"wpr-grid-media-hover-bg  wpr-overlay-fade-in wpr-anim-size-large wpr-anim-timing-ease-default wpr-anim-transparency\" data-url=\"https:\/\/outlanders.com.co\/es\/exploring-cano-cristales-the-five-colors-river\/\"><\/div><\/div><\/div><div class=\"wpr-grid-item-below-content elementor-clearfix\"><h2 class=\"wpr-grid-item-title elementor-repeater-item-5e23764 wpr-grid-item-display-block wpr-grid-item-align-left wpr-pointer-none wpr-pointer-line-fx wpr-pointer-fx-fade\"><div class=\"inner-block\"><a target=\"_self\"  href=\"https:\/\/outlanders.com.co\/es\/exploring-cano-cristales-the-five-colors-river\/\">EXPLORANDO CA\u00d1O CRISTALES: EL R\u00cdO DE LOS CINCO COLORES<\/a><\/div><\/h2><div class=\"wpr-grid-item-date elementor-repeater-item-9b3a1ad wpr-grid-item-display-inline wpr-grid-item-align-left\"><div class=\"inner-block\"><span>agosto 20, 2024<span class=\"wpr-grid-extra-text-right\">\/<\/span><\/span><\/div><\/div><div class=\"wpr-grid-item-comments elementor-repeater-item-c26f320 wpr-grid-item-display-inline wpr-grid-item-align-left\"><div class=\"inner-block\"><a href=\"https:\/\/outlanders.com.co\/es\/exploring-cano-cristales-the-five-colors-river\/#respond\"><span>No Comments<\/span><\/a><\/div><\/div><div class=\"wpr-grid-item-excerpt elementor-repeater-item-7204698 wpr-grid-item-display-block wpr-grid-item-align-left\"><div class=\"inner-block\"><p>Welcome to our travel blog dedicated to one of the most fascinating and colorful destinations in Colombia: Ca\u00f1o Cristales. Known&hellip;<\/p><\/div><\/div><div class=\"wpr-grid-item-read-more elementor-repeater-item-af2f778 wpr-grid-item-display-block wpr-grid-item-align-left\"><div class=\"inner-block\"><a target=\"_self\" href=\"https:\/\/outlanders.com.co\/es\/exploring-cano-cristales-the-five-colors-river\/\" class=\"wpr-button-effect wpr-button-none\"><span>Read More<\/span><\/a><\/div><\/div><\/div><\/div><\/article><article class=\"wpr-grid-item elementor-clearfix post-2620 post type-post status-publish format-standard has-post-thumbnail hentry category-blog\"><div class=\"wpr-grid-item-inner\"><div class=\"wpr-grid-media-wrap wpr-effect-size-medium\" data-overlay-link=\"yes\"><div class=\"wpr-grid-image-wrap\" data-src=\"https:\/\/outlanders.com.co\/wp-content\/uploads\/2024\/08\/Blog-3.jpg\" data-img-on-hover=\"\"  data-src-secondary=\"\"><img decoding=\"async\" data-no-lazy=\"1\" src=\"https:\/\/outlanders.com.co\/wp-content\/uploads\/2024\/08\/Blog-3.jpg\" alt=\"DESTINATIONS FOR WHALE WATCHING IN COLOMBIA\" class=\"wpr-anim-timing-ease-default\"><\/div><div class=\"wpr-grid-media-hover wpr-animation-wrap\"><div class=\"wpr-grid-media-hover-bg  wpr-overlay-fade-in wpr-anim-size-large wpr-anim-timing-ease-default wpr-anim-transparency\" data-url=\"https:\/\/outlanders.com.co\/es\/destinations-for-whale-watching-in-colombia\/\"><\/div><\/div><\/div><div class=\"wpr-grid-item-below-content elementor-clearfix\"><h2 class=\"wpr-grid-item-title elementor-repeater-item-5e23764 wpr-grid-item-display-block wpr-grid-item-align-left wpr-pointer-none wpr-pointer-line-fx wpr-pointer-fx-fade\"><div class=\"inner-block\"><a target=\"_self\"  href=\"https:\/\/outlanders.com.co\/es\/destinations-for-whale-watching-in-colombia\/\">DESTINOS PARA OBSERVACI\u00d3N DE BALLENAS EN COLOMBIA<\/a><\/div><\/h2><div class=\"wpr-grid-item-date elementor-repeater-item-9b3a1ad wpr-grid-item-display-inline wpr-grid-item-align-left\"><div class=\"inner-block\"><span>agosto 13, 2024<span class=\"wpr-grid-extra-text-right\">\/<\/span><\/span><\/div><\/div><div class=\"wpr-grid-item-comments elementor-repeater-item-c26f320 wpr-grid-item-display-inline wpr-grid-item-align-left\"><div class=\"inner-block\"><a href=\"https:\/\/outlanders.com.co\/es\/destinations-for-whale-watching-in-colombia\/#respond\"><span>No Comments<\/span><\/a><\/div><\/div><div class=\"wpr-grid-item-excerpt elementor-repeater-item-7204698 wpr-grid-item-display-block wpr-grid-item-align-left\"><div class=\"inner-block\"><p>The Pacific coast of Colombia is a paradise to discover, with destinations that offer unique experiences in the middle of&hellip;<\/p><\/div><\/div><div class=\"wpr-grid-item-read-more elementor-repeater-item-af2f778 wpr-grid-item-display-block wpr-grid-item-align-left\"><div class=\"inner-block\"><a target=\"_self\" href=\"https:\/\/outlanders.com.co\/es\/destinations-for-whale-watching-in-colombia\/\" class=\"wpr-button-effect wpr-button-none\"><span>Read More<\/span><\/a><\/div><\/div><\/div><\/div><\/article><article class=\"wpr-grid-item elementor-clearfix post-2617 post type-post status-publish format-standard has-post-thumbnail hentry category-blog\"><div class=\"wpr-grid-item-inner\"><div class=\"wpr-grid-media-wrap wpr-effect-size-medium\" data-overlay-link=\"yes\"><div class=\"wpr-grid-image-wrap\" data-src=\"https:\/\/outlanders.com.co\/wp-content\/uploads\/2024\/08\/Carrusel-4-4.jpg\" data-img-on-hover=\"\"  data-src-secondary=\"\"><img decoding=\"async\" data-no-lazy=\"1\" src=\"https:\/\/outlanders.com.co\/wp-content\/uploads\/2024\/08\/Carrusel-4-4.jpg\" alt=\"EXPLORANDO CA\u00d1O CRISTALES: EL R\u00cdO DE LOS CINCO COLORES\" class=\"wpr-anim-timing-ease-default\"><\/div><div class=\"wpr-grid-media-hover wpr-animation-wrap\"><div class=\"wpr-grid-media-hover-bg  wpr-overlay-fade-in wpr-anim-size-large wpr-anim-timing-ease-default wpr-anim-transparency\" data-url=\"https:\/\/outlanders.com.co\/es\/explorando-cano-cristales-el-rio-de-los-cinco-colores\/\"><\/div><\/div><\/div><div class=\"wpr-grid-item-below-content elementor-clearfix\"><h2 class=\"wpr-grid-item-title elementor-repeater-item-5e23764 wpr-grid-item-display-block wpr-grid-item-align-left wpr-pointer-none wpr-pointer-line-fx wpr-pointer-fx-fade\"><div class=\"inner-block\"><a target=\"_self\"  href=\"https:\/\/outlanders.com.co\/es\/explorando-cano-cristales-el-rio-de-los-cinco-colores\/\">EXPLORANDO CA\u00d1O CRISTALES: EL R\u00cdO DE LOS CINCO COLORES<\/a><\/div><\/h2><div class=\"wpr-grid-item-date elementor-repeater-item-9b3a1ad wpr-grid-item-display-inline wpr-grid-item-align-left\"><div class=\"inner-block\"><span>agosto 13, 2024<span class=\"wpr-grid-extra-text-right\">\/<\/span><\/span><\/div><\/div><div class=\"wpr-grid-item-comments elementor-repeater-item-c26f320 wpr-grid-item-display-inline wpr-grid-item-align-left\"><div class=\"inner-block\"><a href=\"https:\/\/outlanders.com.co\/es\/explorando-cano-cristales-el-rio-de-los-cinco-colores\/#respond\"><span>No Comments<\/span><\/a><\/div><\/div><div class=\"wpr-grid-item-excerpt elementor-repeater-item-7204698 wpr-grid-item-display-block wpr-grid-item-align-left\"><div class=\"inner-block\"><p>Bienvenidos a nuestro blog de viaje dedicado a uno de los destinos m\u00e1s fascinantes y coloridos de Colombia: Ca\u00f1o Cristales.&hellip;<\/p><\/div><\/div><div class=\"wpr-grid-item-read-more elementor-repeater-item-af2f778 wpr-grid-item-display-block wpr-grid-item-align-left\"><div class=\"inner-block\"><a target=\"_self\" href=\"https:\/\/outlanders.com.co\/es\/explorando-cano-cristales-el-rio-de-los-cinco-colores\/\" class=\"wpr-button-effect wpr-button-none\"><span>Read More<\/span><\/a><\/div><\/div><\/div><\/div><\/article><article class=\"wpr-grid-item elementor-clearfix post-2611 post type-post status-publish format-standard has-post-thumbnail hentry category-blog\"><div class=\"wpr-grid-item-inner\"><div class=\"wpr-grid-media-wrap wpr-effect-size-medium\" data-overlay-link=\"yes\"><div class=\"wpr-grid-image-wrap\" data-src=\"https:\/\/outlanders.com.co\/wp-content\/uploads\/2024\/08\/Blog-4.jpg\" data-img-on-hover=\"\"  data-src-secondary=\"\"><img decoding=\"async\" data-no-lazy=\"1\" src=\"https:\/\/outlanders.com.co\/wp-content\/uploads\/2024\/08\/Blog-4.jpg\" alt=\"\u00bfCU\u00c1L ES EL MEJOR DESTINO PARA AVISTAMIENTO DE BALLENAS EN EL PAC\u00cdFICO COLOMBIANO?\" class=\"wpr-anim-timing-ease-default\"><\/div><div class=\"wpr-grid-media-hover wpr-animation-wrap\"><div class=\"wpr-grid-media-hover-bg  wpr-overlay-fade-in wpr-anim-size-large wpr-anim-timing-ease-default wpr-anim-transparency\" data-url=\"https:\/\/outlanders.com.co\/es\/cual-es-el-mejor-destino-para-avistamiento-de-ballenas-en-el-pacifico-colombiano\/\"><\/div><\/div><\/div><div class=\"wpr-grid-item-below-content elementor-clearfix\"><h2 class=\"wpr-grid-item-title elementor-repeater-item-5e23764 wpr-grid-item-display-block wpr-grid-item-align-left wpr-pointer-none wpr-pointer-line-fx wpr-pointer-fx-fade\"><div class=\"inner-block\"><a target=\"_self\"  href=\"https:\/\/outlanders.com.co\/es\/cual-es-el-mejor-destino-para-avistamiento-de-ballenas-en-el-pacifico-colombiano\/\">\u00bfCU\u00c1L ES EL MEJOR DESTINO PARA AVISTAMIENTO DE BALLENAS EN EL PAC\u00cdFICO COLOMBIANO?<\/a><\/div><\/h2><div class=\"wpr-grid-item-date elementor-repeater-item-9b3a1ad wpr-grid-item-display-inline wpr-grid-item-align-left\"><div class=\"inner-block\"><span>agosto 13, 2024<span class=\"wpr-grid-extra-text-right\">\/<\/span><\/span><\/div><\/div><div class=\"wpr-grid-item-comments elementor-repeater-item-c26f320 wpr-grid-item-display-inline wpr-grid-item-align-left\"><div class=\"inner-block\"><a href=\"https:\/\/outlanders.com.co\/es\/cual-es-el-mejor-destino-para-avistamiento-de-ballenas-en-el-pacifico-colombiano\/#respond\"><span>No Comments<\/span><\/a><\/div><\/div><div class=\"wpr-grid-item-excerpt elementor-repeater-item-7204698 wpr-grid-item-display-block wpr-grid-item-align-left\"><div class=\"inner-block\"><p>\u00c9sta es una pregunta que se hacen muchos colombianos y extranjeros cuando quieren vivir la experiencia de avistamiento de ballenas&hellip;<\/p><\/div><\/div><div class=\"wpr-grid-item-read-more elementor-repeater-item-af2f778 wpr-grid-item-display-block wpr-grid-item-align-left\"><div class=\"inner-block\"><a target=\"_self\" href=\"https:\/\/outlanders.com.co\/es\/cual-es-el-mejor-destino-para-avistamiento-de-ballenas-en-el-pacifico-colombiano\/\" class=\"wpr-button-effect wpr-button-none\"><span>Read More<\/span><\/a><\/div><\/div><\/div><\/div><\/article><\/section>\t\t\t\t<\/div>\n\t\t\t\t<\/div>\n\t\t\t\t<\/div>\n\t\t\t\t<\/div>","protected":false},"excerpt":{"rendered":"<p>All Posts Biking Camping Hiking Surfing Green Fields for Biking diciembre 24, 2021\/No Comments Sed a rutrum neque, non euismod lorem. Nam dapibus mi ut ligula interdum laoreet. Sed sollicitudin metus nec massa venenatis&hellip; Read More Summer in New Zealand diciembre 24, 2021\/No Comments Sed a rutrum neque, non euismod lorem. Nam dapibus mi ut ligula interdum laoreet. Sed sollicitudin metus nec massa venenatis&hellip; Read More River Activities diciembre 24, 2021\/No CommentsRead More Winter Travel Guide diciembre 24, 2021\/No Comments Sed a rutrum neque, non euismod lorem. Nam dapibus mi ut ligula interdum laoreet. Sed sollicitudin metus nec massa venenatis&hellip; Read More Rocky Mountains diciembre 24, 2021\/No Comments Sed a rutrum neque, non euismod lorem. Nam dapibus mi ut ligula interdum laoreet. Sed sollicitudin metus nec massa venenatis&hellip; Read More Winter Destinations diciembre 24, 2021\/No Comments Sed a rutrum neque, non euismod lorem. Nam dapibus mi ut ligula interdum laoreet. Sed sollicitudin metus nec massa venenatis&hellip; Read More<\/p>","protected":false},"author":1,"featured_media":0,"parent":0,"menu_order":0,"comment_status":"closed","ping_status":"closed","template":"","meta":{"footnotes":""},"wf_page_folders":[],"class_list":["post-1169","page","type-page","status-publish","hentry"],"yoast_head":"<!-- This site is optimized with the Yoast SEO plugin v24.3 - https:\/\/yoast.com\/wordpress\/plugins\/seo\/ -->\n<title>Blog - Outlanders Colombia<\/title>\n<meta name=\"robots\" content=\"index, follow, max-snippet:-1, max-image-preview:large, max-video-preview:-1\" \/>\n<link rel=\"canonical\" href=\"https:\/\/outlanders.com.co\/es\/blog\/\" \/>\n<meta property=\"og:locale\" content=\"es_ES\" \/>\n<meta property=\"og:type\" content=\"article\" \/>\n<meta property=\"og:title\" content=\"Blog - Outlanders Colombia\" \/>\n<meta property=\"og:description\" content=\"All Posts Biking Camping Hiking Surfing Green Fields for Biking diciembre 24, 2021\/No Comments Sed a rutrum neque, non euismod lorem. Nam dapibus mi ut ligula interdum laoreet. Sed sollicitudin metus nec massa venenatis&hellip; Read More Summer in New Zealand diciembre 24, 2021\/No Comments Sed a rutrum neque, non euismod lorem. Nam dapibus mi ut ligula interdum laoreet. Sed sollicitudin metus nec massa venenatis&hellip; Read More River Activities diciembre 24, 2021\/No CommentsRead More Winter Travel Guide diciembre 24, 2021\/No Comments Sed a rutrum neque, non euismod lorem. Nam dapibus mi ut ligula interdum laoreet. Sed sollicitudin metus nec massa venenatis&hellip; Read More Rocky Mountains diciembre 24, 2021\/No Comments Sed a rutrum neque, non euismod lorem. Nam dapibus mi ut ligula interdum laoreet. Sed sollicitudin metus nec massa venenatis&hellip; Read More Winter Destinations diciembre 24, 2021\/No Comments Sed a rutrum neque, non euismod lorem. Nam dapibus mi ut ligula interdum laoreet. Sed sollicitudin metus nec massa venenatis&hellip; Read More\" \/>\n<meta property=\"og:url\" content=\"https:\/\/outlanders.com.co\/es\/blog\/\" \/>\n<meta property=\"og:site_name\" content=\"Outlanders Colombia\" \/>\n<meta property=\"article:modified_time\" content=\"2024-08-13T18:10:29+00:00\" \/>\n<meta property=\"og:image\" content=\"http:\/\/outlanders.com.co\/wp-content\/uploads\/2021\/12\/image-11.jpg\" \/>\n<meta name=\"twitter:card\" content=\"summary_large_image\" \/>\n<meta name=\"twitter:label1\" content=\"Tiempo de lectura\" \/>\n\t<meta name=\"twitter:data1\" content=\"1 minuto\" \/>\n<script type=\"application\/ld+json\" class=\"yoast-schema-graph\">{\"@context\":\"https:\/\/schema.org\",\"@graph\":[{\"@type\":\"WebPage\",\"@id\":\"https:\/\/outlanders.com.co\/blog\/\",\"url\":\"https:\/\/outlanders.com.co\/blog\/\",\"name\":\"Blog - Outlanders Colombia\",\"isPartOf\":{\"@id\":\"https:\/\/outlanders.com.co\/#website\"},\"primaryImageOfPage\":{\"@id\":\"https:\/\/outlanders.com.co\/blog\/#primaryimage\"},\"image\":{\"@id\":\"https:\/\/outlanders.com.co\/blog\/#primaryimage\"},\"thumbnailUrl\":\"http:\/\/outlanders.com.co\/wp-content\/uploads\/2021\/12\/image-11.jpg\",\"datePublished\":\"2024-04-25T23:39:59+00:00\",\"dateModified\":\"2024-08-13T18:10:29+00:00\",\"breadcrumb\":{\"@id\":\"https:\/\/outlanders.com.co\/blog\/#breadcrumb\"},\"inLanguage\":\"es-CO\",\"potentialAction\":[{\"@type\":\"ReadAction\",\"target\":[\"https:\/\/outlanders.com.co\/blog\/\"]}]},{\"@type\":\"ImageObject\",\"inLanguage\":\"es-CO\",\"@id\":\"https:\/\/outlanders.com.co\/blog\/#primaryimage\",\"url\":\"http:\/\/outlanders.com.co\/wp-content\/uploads\/2021\/12\/image-11.jpg\",\"contentUrl\":\"http:\/\/outlanders.com.co\/wp-content\/uploads\/2021\/12\/image-11.jpg\"},{\"@type\":\"BreadcrumbList\",\"@id\":\"https:\/\/outlanders.com.co\/blog\/#breadcrumb\",\"itemListElement\":[{\"@type\":\"ListItem\",\"position\":1,\"name\":\"Home\",\"item\":\"https:\/\/outlanders.com.co\/\"},{\"@type\":\"ListItem\",\"position\":2,\"name\":\"Blog\"}]},{\"@type\":\"WebSite\",\"@id\":\"https:\/\/outlanders.com.co\/#website\",\"url\":\"https:\/\/outlanders.com.co\/\",\"name\":\"outlanders.com\",\"description\":\"\",\"potentialAction\":[{\"@type\":\"SearchAction\",\"target\":{\"@type\":\"EntryPoint\",\"urlTemplate\":\"https:\/\/outlanders.com.co\/?s={search_term_string}\"},\"query-input\":{\"@type\":\"PropertyValueSpecification\",\"valueRequired\":true,\"valueName\":\"search_term_string\"}}],\"inLanguage\":\"es-CO\"}]}<\/script>\n<!-- \/ Yoast SEO plugin. -->","yoast_head_json":{"title":"Blog - Outlanders Colombia","robots":{"index":"index","follow":"follow","max-snippet":"max-snippet:-1","max-image-preview":"max-image-preview:large","max-video-preview":"max-video-preview:-1"},"canonical":"https:\/\/outlanders.com.co\/es\/blog\/","og_locale":"es_ES","og_type":"article","og_title":"Blog - Outlanders Colombia","og_description":"All Posts Biking Camping Hiking Surfing Green Fields for Biking diciembre 24, 2021\/No Comments Sed a rutrum neque, non euismod lorem. Nam dapibus mi ut ligula interdum laoreet. Sed sollicitudin metus nec massa venenatis&hellip; Read More Summer in New Zealand diciembre 24, 2021\/No Comments Sed a rutrum neque, non euismod lorem. Nam dapibus mi ut ligula interdum laoreet. Sed sollicitudin metus nec massa venenatis&hellip; Read More River Activities diciembre 24, 2021\/No CommentsRead More Winter Travel Guide diciembre 24, 2021\/No Comments Sed a rutrum neque, non euismod lorem. Nam dapibus mi ut ligula interdum laoreet. Sed sollicitudin metus nec massa venenatis&hellip; Read More Rocky Mountains diciembre 24, 2021\/No Comments Sed a rutrum neque, non euismod lorem. Nam dapibus mi ut ligula interdum laoreet. Sed sollicitudin metus nec massa venenatis&hellip; Read More Winter Destinations diciembre 24, 2021\/No Comments Sed a rutrum neque, non euismod lorem. Nam dapibus mi ut ligula interdum laoreet. Sed sollicitudin metus nec massa venenatis&hellip; Read More","og_url":"https:\/\/outlanders.com.co\/es\/blog\/","og_site_name":"Outlanders Colombia","article_modified_time":"2024-08-13T18:10:29+00:00","og_image":[{"url":"http:\/\/outlanders.com.co\/wp-content\/uploads\/2021\/12\/image-11.jpg","type":"","width":"","height":""}],"twitter_card":"summary_large_image","twitter_misc":{"Tiempo de lectura":"1 minuto"},"schema":{"@context":"https:\/\/schema.org","@graph":[{"@type":"WebPage","@id":"https:\/\/outlanders.com.co\/blog\/","url":"https:\/\/outlanders.com.co\/blog\/","name":"Blog - Outlanders Colombia","isPartOf":{"@id":"https:\/\/outlanders.com.co\/#website"},"primaryImageOfPage":{"@id":"https:\/\/outlanders.com.co\/blog\/#primaryimage"},"image":{"@id":"https:\/\/outlanders.com.co\/blog\/#primaryimage"},"thumbnailUrl":"http:\/\/outlanders.com.co\/wp-content\/uploads\/2021\/12\/image-11.jpg","datePublished":"2024-04-25T23:39:59+00:00","dateModified":"2024-08-13T18:10:29+00:00","breadcrumb":{"@id":"https:\/\/outlanders.com.co\/blog\/#breadcrumb"},"inLanguage":"es-CO","potentialAction":[{"@type":"ReadAction","target":["https:\/\/outlanders.com.co\/blog\/"]}]},{"@type":"ImageObject","inLanguage":"es-CO","@id":"https:\/\/outlanders.com.co\/blog\/#primaryimage","url":"http:\/\/outlanders.com.co\/wp-content\/uploads\/2021\/12\/image-11.jpg","contentUrl":"http:\/\/outlanders.com.co\/wp-content\/uploads\/2021\/12\/image-11.jpg"},{"@type":"BreadcrumbList","@id":"https:\/\/outlanders.com.co\/blog\/#breadcrumb","itemListElement":[{"@type":"ListItem","position":1,"name":"Home","item":"https:\/\/outlanders.com.co\/"},{"@type":"ListItem","position":2,"name":"Blog"}]},{"@type":"WebSite","@id":"https:\/\/outlanders.com.co\/#website","url":"https:\/\/outlanders.com.co\/","name":"outlanders.com","description":"","potentialAction":[{"@type":"SearchAction","target":{"@type":"EntryPoint","urlTemplate":"https:\/\/outlanders.com.co\/?s={search_term_string}"},"query-input":{"@type":"PropertyValueSpecification","valueRequired":true,"valueName":"search_term_string"}}],"inLanguage":"es-CO"}]}},"_links":{"self":[{"href":"https:\/\/outlanders.com.co\/es\/wp-json\/wp\/v2\/pages\/1169","targetHints":{"allow":["GET"]}}],"collection":[{"href":"https:\/\/outlanders.com.co\/es\/wp-json\/wp\/v2\/pages"}],"about":[{"href":"https:\/\/outlanders.com.co\/es\/wp-json\/wp\/v2\/types\/page"}],"author":[{"embeddable":true,"href":"https:\/\/outlanders.com.co\/es\/wp-json\/wp\/v2\/users\/1"}],"replies":[{"embeddable":true,"href":"https:\/\/outlanders.com.co\/es\/wp-json\/wp\/v2\/comments?post=1169"}],"version-history":[{"count":9,"href":"https:\/\/outlanders.com.co\/es\/wp-json\/wp\/v2\/pages\/1169\/revisions"}],"predecessor-version":[{"id":1922,"href":"https:\/\/outlanders.com.co\/es\/wp-json\/wp\/v2\/pages\/1169\/revisions\/1922"}],"wp:attachment":[{"href":"https:\/\/outlanders.com.co\/es\/wp-json\/wp\/v2\/media?parent=1169"}],"wp:term":[{"taxonomy":"wf_page_folders","embeddable":true,"href":"https:\/\/outlanders.com.co\/es\/wp-json\/wp\/v2\/wf_page_folders?post=1169"}],"curies":[{"name":"wp","href":"https:\/\/api.w.org\/{rel}","templated":true}]}}