{"id":2989,"date":"2024-08-30T15:57:24","date_gmt":"2024-08-30T15:57:24","guid":{"rendered":"https:\/\/outlanders.com.co\/?page_id=2989"},"modified":"2025-02-19T21:34:14","modified_gmt":"2025-02-19T21:34:14","slug":"guejar-river-region-3d2n","status":"publish","type":"page","link":"https:\/\/outlanders.com.co\/es\/guejar-river-region-3d2n\/","title":{"rendered":"CA\u00d1\u00d3N DEL R\u00cdO G\u00dcEJAR 3D2N"},"content":{"rendered":"<figure class=\"wp-block-image alignwide size-full\"><a href=\"https:\/\/outlanders.com.co\/wp-content\/uploads\/2024\/09\/11.jpg\"><img fetchpriority=\"high\" decoding=\"async\" width=\"1600\" height=\"996\" src=\"https:\/\/outlanders.com.co\/wp-content\/uploads\/2024\/09\/11.jpg\" alt=\"\" class=\"wp-image-3499\" srcset=\"https:\/\/outlanders.com.co\/wp-content\/uploads\/2024\/09\/11.jpg 1600w, https:\/\/outlanders.com.co\/wp-content\/uploads\/2024\/09\/11-300x187.jpg 300w, https:\/\/outlanders.com.co\/wp-content\/uploads\/2024\/09\/11-1024x637.jpg 1024w, https:\/\/outlanders.com.co\/wp-content\/uploads\/2024\/09\/11-768x478.jpg 768w, https:\/\/outlanders.com.co\/wp-content\/uploads\/2024\/09\/11-1536x956.jpg 1536w, https:\/\/outlanders.com.co\/wp-content\/uploads\/2024\/09\/11-1320x822.jpg 1320w, https:\/\/outlanders.com.co\/wp-content\/uploads\/2024\/09\/11-600x374.jpg 600w\" sizes=\"(max-width: 1600px) 100vw, 1600px\" \/><\/a><\/figure>\n\n\n\n<h2 class=\"wp-block-heading has-text-align-center\">CA\u00d1\u00d3N DEL R\u00cdO G\u00dcEJAR 3D2N<\/h2>\n\n\n\n<p class=\"has-text-align-center\">FECHAS DE VIAJES GRUPALES<\/p>\n\n\n\n<p class=\"has-text-align-center\">$1.290.000 POR PERSONA&nbsp;<\/p>\n\n\n\n<p class=\"has-text-align-center\">3 days and&nbsp;2 nights&nbsp;(2025)<\/p>\n\n\n\n<p class=\"has-text-align-center\">Salidas todos los d\u00edas desde Mesetas (Meta)<\/p>\n\n\n\n<p class=\"has-text-align-center\">Encuentra toda la informaci\u00f3n de este viaje ac\u00e1:<br><a href=\"https:\/\/outlanders.com.co\/es\/tour\/guejar-river-3d2n\/\">https:\/\/outlanders.com.co\/es\/tour\/guejar-river-3d2n\/<\/a><\/p>\n\n\n\n<p class=\"has-text-align-center\">\ud83d\udcf2 Contactanos: +(57) 316 777 3120 \ud83c\udde8\ud83c\uddf4<br>Link directo a WhatsApp:&nbsp;<a href=\"http:\/\/bit.ly\/ChatViajesOutlanders\">http:\/\/bit.ly\/ChatViajesOutlanders<\/a><\/p>\n\n\n\n<div style=\"height:22px\" aria-hidden=\"true\" class=\"wp-block-spacer\"><\/div>\n\n\n\n<div class=\"wp-block-columns is-layout-flex wp-container-core-columns-is-layout-1 wp-block-columns-is-layout-flex\">\n<div class=\"wp-block-column is-vertically-aligned-stretch is-layout-flow wp-block-column-is-layout-flow\" style=\"flex-basis:33.34%\"><\/div>\n\n\n\n<div class=\"wp-block-column is-layout-flow wp-block-column-is-layout-flow\" style=\"flex-basis:33.34%\"><\/div>\n\n\n\n<div class=\"wp-block-column is-layout-flow wp-block-column-is-layout-flow\" style=\"flex-basis:33.33%\"><\/div>\n<\/div>\n\n\n\n<div class=\"wp-block-columns is-layout-flex wp-container-core-columns-is-layout-2 wp-block-columns-is-layout-flex\">\n<div class=\"wp-block-column is-layout-flow wp-block-column-is-layout-flow\" style=\"flex-basis:66.67%\"><\/div>\n\n\n\n<div class=\"wp-block-column is-layout-flow wp-block-column-is-layout-flow\" style=\"flex-basis:33.33%\"><\/div>\n\n\n\n<div class=\"wp-block-column is-layout-flow wp-block-column-is-layout-flow\" style=\"flex-basis:33.33%\"><\/div>\n<\/div>","protected":false},"excerpt":{"rendered":"<p>G\u00dcEJAR RIVER REGION 3D2N GROUP TRAVEL DATES $1.290.000 PER PERSON&nbsp; 3 days and&nbsp;2 nights&nbsp;(2025) Daily departures from Mesetas (Meta) Read all the information of this trip here:https:\/\/outlanders.com.co\/es\/tour\/guejar-river-3d2n\/ \ud83d\udcf2 Contact us: +(57) 310 521 4014 \ud83c\uddec\ud83c\udde7Direct link to WhatsApp:&nbsp;bit.ly\/ChatViajesOutlanders<\/p>","protected":false},"author":2,"featured_media":1058,"parent":0,"menu_order":0,"comment_status":"closed","ping_status":"closed","template":"","meta":{"footnotes":""},"wf_page_folders":[73],"class_list":["post-2989","page","type-page","status-publish","has-post-thumbnail","hentry"],"yoast_head":"<!-- This site is optimized with the Yoast SEO plugin v24.3 - https:\/\/yoast.com\/wordpress\/plugins\/seo\/ -->\n<title>G\u00dcEJAR RIVER REGION 3D2N - Outlanders Colombia<\/title>\n<meta name=\"robots\" content=\"index, follow, max-snippet:-1, max-image-preview:large, max-video-preview:-1\" \/>\n<link rel=\"canonical\" href=\"https:\/\/outlanders.com.co\/es\/guejar-river-region-3d2n\/\" \/>\n<meta property=\"og:locale\" content=\"es_ES\" \/>\n<meta property=\"og:type\" content=\"article\" \/>\n<meta property=\"og:title\" content=\"G\u00dcEJAR RIVER REGION 3D2N - Outlanders Colombia\" \/>\n<meta property=\"og:description\" content=\"G\u00dcEJAR RIVER REGION 3D2N GROUP TRAVEL DATES $1.290.000 PER PERSON&nbsp; 3 days and&nbsp;2 nights&nbsp;(2025) Daily departures from Mesetas (Meta) Read all the information of this trip here:https:\/\/outlanders.com.co\/es\/tour\/guejar-river-3d2n\/ \ud83d\udcf2 Contact us: +(57) 310 521 4014 \ud83c\uddec\ud83c\udde7Direct link to WhatsApp:&nbsp;bit.ly\/ChatViajesOutlanders\" \/>\n<meta property=\"og:url\" content=\"https:\/\/outlanders.com.co\/es\/guejar-river-region-3d2n\/\" \/>\n<meta property=\"og:site_name\" content=\"Outlanders Colombia\" \/>\n<meta property=\"article:modified_time\" content=\"2025-02-19T21:34:14+00:00\" \/>\n<meta property=\"og:image\" content=\"http:\/\/outlanders.com.co\/wp-content\/uploads\/2024\/03\/Cano-Cristales.jpg\" \/>\n\t<meta property=\"og:image:width\" content=\"700\" \/>\n\t<meta property=\"og:image:height\" content=\"450\" \/>\n\t<meta property=\"og:image:type\" content=\"image\/jpeg\" \/>\n<meta name=\"twitter:card\" content=\"summary_large_image\" \/>\n<meta name=\"twitter:label1\" content=\"Tiempo de lectura\" \/>\n\t<meta name=\"twitter:data1\" content=\"1 minuto\" \/>\n<script type=\"application\/ld+json\" class=\"yoast-schema-graph\">{\"@context\":\"https:\/\/schema.org\",\"@graph\":[{\"@type\":\"WebPage\",\"@id\":\"https:\/\/outlanders.com.co\/guejar-river-region-3d2n\/\",\"url\":\"https:\/\/outlanders.com.co\/guejar-river-region-3d2n\/\",\"name\":\"G\u00dcEJAR RIVER REGION 3D2N - Outlanders Colombia\",\"isPartOf\":{\"@id\":\"https:\/\/outlanders.com.co\/#website\"},\"primaryImageOfPage\":{\"@id\":\"https:\/\/outlanders.com.co\/guejar-river-region-3d2n\/#primaryimage\"},\"image\":{\"@id\":\"https:\/\/outlanders.com.co\/guejar-river-region-3d2n\/#primaryimage\"},\"thumbnailUrl\":\"https:\/\/outlanders.com.co\/wp-content\/uploads\/2024\/03\/Cano-Cristales.jpg\",\"datePublished\":\"2024-08-30T15:57:24+00:00\",\"dateModified\":\"2025-02-19T21:34:14+00:00\",\"breadcrumb\":{\"@id\":\"https:\/\/outlanders.com.co\/guejar-river-region-3d2n\/#breadcrumb\"},\"inLanguage\":\"es-CO\",\"potentialAction\":[{\"@type\":\"ReadAction\",\"target\":[\"https:\/\/outlanders.com.co\/guejar-river-region-3d2n\/\"]}]},{\"@type\":\"ImageObject\",\"inLanguage\":\"es-CO\",\"@id\":\"https:\/\/outlanders.com.co\/guejar-river-region-3d2n\/#primaryimage\",\"url\":\"https:\/\/outlanders.com.co\/wp-content\/uploads\/2024\/03\/Cano-Cristales.jpg\",\"contentUrl\":\"https:\/\/outlanders.com.co\/wp-content\/uploads\/2024\/03\/Cano-Cristales.jpg\",\"width\":700,\"height\":450},{\"@type\":\"BreadcrumbList\",\"@id\":\"https:\/\/outlanders.com.co\/guejar-river-region-3d2n\/#breadcrumb\",\"itemListElement\":[{\"@type\":\"ListItem\",\"position\":1,\"name\":\"Home\",\"item\":\"https:\/\/outlanders.com.co\/\"},{\"@type\":\"ListItem\",\"position\":2,\"name\":\"G\u00dcEJAR RIVER REGION 3D2N\"}]},{\"@type\":\"WebSite\",\"@id\":\"https:\/\/outlanders.com.co\/#website\",\"url\":\"https:\/\/outlanders.com.co\/\",\"name\":\"outlanders.com\",\"description\":\"\",\"potentialAction\":[{\"@type\":\"SearchAction\",\"target\":{\"@type\":\"EntryPoint\",\"urlTemplate\":\"https:\/\/outlanders.com.co\/?s={search_term_string}\"},\"query-input\":{\"@type\":\"PropertyValueSpecification\",\"valueRequired\":true,\"valueName\":\"search_term_string\"}}],\"inLanguage\":\"es-CO\"}]}<\/script>\n<!-- \/ Yoast SEO plugin. -->","yoast_head_json":{"title":"G\u00dcEJAR RIVER REGION 3D2N - Outlanders Colombia","robots":{"index":"index","follow":"follow","max-snippet":"max-snippet:-1","max-image-preview":"max-image-preview:large","max-video-preview":"max-video-preview:-1"},"canonical":"https:\/\/outlanders.com.co\/es\/guejar-river-region-3d2n\/","og_locale":"es_ES","og_type":"article","og_title":"G\u00dcEJAR RIVER REGION 3D2N - Outlanders Colombia","og_description":"G\u00dcEJAR RIVER REGION 3D2N GROUP TRAVEL DATES $1.290.000 PER PERSON&nbsp; 3 days and&nbsp;2 nights&nbsp;(2025) Daily departures from Mesetas (Meta) Read all the information of this trip here:https:\/\/outlanders.com.co\/es\/tour\/guejar-river-3d2n\/ \ud83d\udcf2 Contact us: +(57) 310 521 4014 \ud83c\uddec\ud83c\udde7Direct link to WhatsApp:&nbsp;bit.ly\/ChatViajesOutlanders","og_url":"https:\/\/outlanders.com.co\/es\/guejar-river-region-3d2n\/","og_site_name":"Outlanders Colombia","article_modified_time":"2025-02-19T21:34:14+00:00","og_image":[{"width":700,"height":450,"url":"http:\/\/outlanders.com.co\/wp-content\/uploads\/2024\/03\/Cano-Cristales.jpg","type":"image\/jpeg"}],"twitter_card":"summary_large_image","twitter_misc":{"Tiempo de lectura":"1 minuto"},"schema":{"@context":"https:\/\/schema.org","@graph":[{"@type":"WebPage","@id":"https:\/\/outlanders.com.co\/guejar-river-region-3d2n\/","url":"https:\/\/outlanders.com.co\/guejar-river-region-3d2n\/","name":"G\u00dcEJAR RIVER REGION 3D2N - Outlanders Colombia","isPartOf":{"@id":"https:\/\/outlanders.com.co\/#website"},"primaryImageOfPage":{"@id":"https:\/\/outlanders.com.co\/guejar-river-region-3d2n\/#primaryimage"},"image":{"@id":"https:\/\/outlanders.com.co\/guejar-river-region-3d2n\/#primaryimage"},"thumbnailUrl":"https:\/\/outlanders.com.co\/wp-content\/uploads\/2024\/03\/Cano-Cristales.jpg","datePublished":"2024-08-30T15:57:24+00:00","dateModified":"2025-02-19T21:34:14+00:00","breadcrumb":{"@id":"https:\/\/outlanders.com.co\/guejar-river-region-3d2n\/#breadcrumb"},"inLanguage":"es-CO","potentialAction":[{"@type":"ReadAction","target":["https:\/\/outlanders.com.co\/guejar-river-region-3d2n\/"]}]},{"@type":"ImageObject","inLanguage":"es-CO","@id":"https:\/\/outlanders.com.co\/guejar-river-region-3d2n\/#primaryimage","url":"https:\/\/outlanders.com.co\/wp-content\/uploads\/2024\/03\/Cano-Cristales.jpg","contentUrl":"https:\/\/outlanders.com.co\/wp-content\/uploads\/2024\/03\/Cano-Cristales.jpg","width":700,"height":450},{"@type":"BreadcrumbList","@id":"https:\/\/outlanders.com.co\/guejar-river-region-3d2n\/#breadcrumb","itemListElement":[{"@type":"ListItem","position":1,"name":"Home","item":"https:\/\/outlanders.com.co\/"},{"@type":"ListItem","position":2,"name":"G\u00dcEJAR RIVER REGION 3D2N"}]},{"@type":"WebSite","@id":"https:\/\/outlanders.com.co\/#website","url":"https:\/\/outlanders.com.co\/","name":"outlanders.com","description":"","potentialAction":[{"@type":"SearchAction","target":{"@type":"EntryPoint","urlTemplate":"https:\/\/outlanders.com.co\/?s={search_term_string}"},"query-input":{"@type":"PropertyValueSpecification","valueRequired":true,"valueName":"search_term_string"}}],"inLanguage":"es-CO"}]}},"_links":{"self":[{"href":"https:\/\/outlanders.com.co\/es\/wp-json\/wp\/v2\/pages\/2989","targetHints":{"allow":["GET"]}}],"collection":[{"href":"https:\/\/outlanders.com.co\/es\/wp-json\/wp\/v2\/pages"}],"about":[{"href":"https:\/\/outlanders.com.co\/es\/wp-json\/wp\/v2\/types\/page"}],"author":[{"embeddable":true,"href":"https:\/\/outlanders.com.co\/es\/wp-json\/wp\/v2\/users\/2"}],"replies":[{"embeddable":true,"href":"https:\/\/outlanders.com.co\/es\/wp-json\/wp\/v2\/comments?post=2989"}],"version-history":[{"count":10,"href":"https:\/\/outlanders.com.co\/es\/wp-json\/wp\/v2\/pages\/2989\/revisions"}],"predecessor-version":[{"id":4508,"href":"https:\/\/outlanders.com.co\/es\/wp-json\/wp\/v2\/pages\/2989\/revisions\/4508"}],"wp:featuredmedia":[{"embeddable":true,"href":"https:\/\/outlanders.com.co\/es\/wp-json\/wp\/v2\/media\/1058"}],"wp:attachment":[{"href":"https:\/\/outlanders.com.co\/es\/wp-json\/wp\/v2\/media?parent=2989"}],"wp:term":[{"taxonomy":"wf_page_folders","embeddable":true,"href":"https:\/\/outlanders.com.co\/es\/wp-json\/wp\/v2\/wf_page_folders?post=2989"}],"curies":[{"name":"wp","href":"https:\/\/api.w.org\/{rel}","templated":true}]}}