{"id":3014,"date":"2024-08-23T20:58:27","date_gmt":"2024-08-23T20:58:27","guid":{"rendered":"https:\/\/outlanders.com.co\/?page_id=3014"},"modified":"2025-02-19T20:26:51","modified_gmt":"2025-02-19T20:26:51","slug":"bahia-solano-4d3n-whale-watching-private-room-2-pax","status":"publish","type":"page","link":"https:\/\/outlanders.com.co\/es\/bahia-solano-4d3n-whale-watching-private-room-2-pax\/","title":{"rendered":"BAH\u00cdA SOLANO 4D3N Avistamiento de Ballenas"},"content":{"rendered":"<div class=\"wp-block-image\">\n<figure class=\"aligncenter size-full is-resized\"><a href=\"http:\/\/outlanders.com.co\/wp-content\/uploads\/2024\/07\/0dbef0de-4e79-4328-9e0f-4b4182822eae-e1739290124960.jpg\"><img fetchpriority=\"high\" decoding=\"async\" width=\"1280\" height=\"800\" src=\"http:\/\/outlanders.com.co\/wp-content\/uploads\/2024\/07\/0dbef0de-4e79-4328-9e0f-4b4182822eae-e1739290124960.jpg\" alt=\"\" class=\"wp-image-4245\" style=\"width:811px;height:auto\" srcset=\"https:\/\/outlanders.com.co\/wp-content\/uploads\/2024\/07\/0dbef0de-4e79-4328-9e0f-4b4182822eae-e1739290124960.jpg 1280w, https:\/\/outlanders.com.co\/wp-content\/uploads\/2024\/07\/0dbef0de-4e79-4328-9e0f-4b4182822eae-e1739290124960-300x188.jpg 300w, https:\/\/outlanders.com.co\/wp-content\/uploads\/2024\/07\/0dbef0de-4e79-4328-9e0f-4b4182822eae-e1739290124960-1024x640.jpg 1024w, https:\/\/outlanders.com.co\/wp-content\/uploads\/2024\/07\/0dbef0de-4e79-4328-9e0f-4b4182822eae-e1739290124960-768x480.jpg 768w, https:\/\/outlanders.com.co\/wp-content\/uploads\/2024\/07\/0dbef0de-4e79-4328-9e0f-4b4182822eae-e1739290124960-18x12.jpg 18w, https:\/\/outlanders.com.co\/wp-content\/uploads\/2024\/07\/0dbef0de-4e79-4328-9e0f-4b4182822eae-e1739290124960-600x375.jpg 600w\" sizes=\"(max-width: 1280px) 100vw, 1280px\" \/><\/a><\/figure><\/div>\n\n\n<h2 class=\"wp-block-heading has-text-align-center\">BAH\u00cdA SOLANO 4D3N Avistamiento de Ballenas<\/h2>\n\n\n\n<p class=\"has-text-align-center\">FECHAS DE VIAJES GRUPALES <\/p>\n\n\n\n<p class=\"has-text-align-center\">DESDE: $1.450.000 POR PERSONA<\/p>\n\n\n\n<p class=\"has-text-align-center\">4 d\u00edas y 3 noches (2025)<\/p>\n\n\n\n<p class=\"has-text-align-center\">AGOSTO<\/p>\n\n\n\n<p class=\"has-text-align-center\">\u2013 15 al 18 AGOSTO (fin de semana festivo \/ cupos limitados)<\/p>\n\n\n\n<p class=\"has-text-align-center\">Salidas todos los d\u00edas desde Bogot\u00e1, Cartago o Medell\u00edn con un costo extra<\/p>\n\n\n\n<p class=\"has-text-align-center\">Encuentra toda la informaci\u00f3n de este viaje ac\u00e1:<br><a href=\"https:\/\/outlanders.com.co\/es\/tour\/bahia-solano-adventure-4d3n\/\">https:\/\/outlanders.com.co\/en\/tour\/bahia-solano-adventure-4d3n\/<\/a><\/p>\n\n\n\n<p class=\"has-text-align-center\">\ud83d\udcf2 Contactanos: +(57) 316 777 3120 \ud83c\udde8\ud83c\uddf4<br>Link directo a WhatsApp:&nbsp;<a href=\"http:\/\/bit.ly\/ChatViajesOutlanders\">http:\/\/bit.ly\/ChatViajesOutlanders<\/a><\/p>","protected":false},"excerpt":{"rendered":"<p>BAH\u00cdA SOLANO 4D3N whale watching GROUP TRAVEL DATES FROM: $1.450.000 PER PERSON 4 days and 3 nights&nbsp;(2025) AUGUST &#8211; 15 to 18 AUGUST (holiday weekend \/ last spots available) Daily departures from Bogot\u00e1, Cartago or Medell\u00edn with an extra price. Read all the information of this trip here:https:\/\/outlanders.com.co\/en\/tour\/bahia-solano-adventure-4d3n\/ \ud83d\udcf2 Contact us: +(57) 310 521 4014 \ud83c\uddec\ud83c\udde7Direct link to WhatsApp:&nbsp;bit.ly\/ChatViajesOutlanders<\/p>","protected":false},"author":3,"featured_media":4245,"parent":0,"menu_order":0,"comment_status":"closed","ping_status":"closed","template":"","meta":{"footnotes":""},"wf_page_folders":[73],"class_list":["post-3014","page","type-page","status-publish","has-post-thumbnail","hentry"],"yoast_head":"<!-- This site is optimized with the Yoast SEO plugin v24.3 - https:\/\/yoast.com\/wordpress\/plugins\/seo\/ -->\n<title>BAH\u00cdA SOLANO 4D3N whale watching - Outlanders Colombia<\/title>\n<meta name=\"robots\" content=\"index, follow, max-snippet:-1, max-image-preview:large, max-video-preview:-1\" \/>\n<link rel=\"canonical\" href=\"https:\/\/outlanders.com.co\/es\/bahia-solano-4d3n-whale-watching-private-room-2-pax\/\" \/>\n<meta property=\"og:locale\" content=\"es_ES\" \/>\n<meta property=\"og:type\" content=\"article\" \/>\n<meta property=\"og:title\" content=\"BAH\u00cdA SOLANO 4D3N whale watching - Outlanders Colombia\" \/>\n<meta property=\"og:description\" content=\"BAH\u00cdA SOLANO 4D3N whale watching GROUP TRAVEL DATES FROM: $1.450.000 PER PERSON 4 days and 3 nights&nbsp;(2025) AUGUST &#8211; 15 to 18 AUGUST (holiday weekend \/ last spots available) Daily departures from Bogot\u00e1, Cartago or Medell\u00edn with an extra price. Read all the information of this trip here:https:\/\/outlanders.com.co\/en\/tour\/bahia-solano-adventure-4d3n\/ \ud83d\udcf2 Contact us: +(57) 310 521 4014 \ud83c\uddec\ud83c\udde7Direct link to WhatsApp:&nbsp;bit.ly\/ChatViajesOutlanders\" \/>\n<meta property=\"og:url\" content=\"https:\/\/outlanders.com.co\/es\/bahia-solano-4d3n-whale-watching-private-room-2-pax\/\" \/>\n<meta property=\"og:site_name\" content=\"Outlanders Colombia\" \/>\n<meta property=\"article:modified_time\" content=\"2025-02-19T20:26:51+00:00\" \/>\n<meta property=\"og:image\" content=\"http:\/\/outlanders.com.co\/wp-content\/uploads\/2024\/07\/0dbef0de-4e79-4328-9e0f-4b4182822eae-e1739290124960.jpg\" \/>\n\t<meta property=\"og:image:width\" content=\"1280\" \/>\n\t<meta property=\"og:image:height\" content=\"800\" \/>\n\t<meta property=\"og:image:type\" content=\"image\/jpeg\" \/>\n<meta name=\"twitter:card\" content=\"summary_large_image\" \/>\n<meta name=\"twitter:label1\" content=\"Tiempo de lectura\" \/>\n\t<meta name=\"twitter:data1\" content=\"1 minuto\" \/>\n<script type=\"application\/ld+json\" class=\"yoast-schema-graph\">{\"@context\":\"https:\/\/schema.org\",\"@graph\":[{\"@type\":\"WebPage\",\"@id\":\"https:\/\/outlanders.com.co\/bahia-solano-4d3n-whale-watching-private-room-2-pax\/\",\"url\":\"https:\/\/outlanders.com.co\/bahia-solano-4d3n-whale-watching-private-room-2-pax\/\",\"name\":\"BAH\u00cdA SOLANO 4D3N whale watching - Outlanders Colombia\",\"isPartOf\":{\"@id\":\"https:\/\/outlanders.com.co\/#website\"},\"primaryImageOfPage\":{\"@id\":\"https:\/\/outlanders.com.co\/bahia-solano-4d3n-whale-watching-private-room-2-pax\/#primaryimage\"},\"image\":{\"@id\":\"https:\/\/outlanders.com.co\/bahia-solano-4d3n-whale-watching-private-room-2-pax\/#primaryimage\"},\"thumbnailUrl\":\"https:\/\/outlanders.com.co\/wp-content\/uploads\/2024\/07\/0dbef0de-4e79-4328-9e0f-4b4182822eae-e1739290124960.jpg\",\"datePublished\":\"2024-08-23T20:58:27+00:00\",\"dateModified\":\"2025-02-19T20:26:51+00:00\",\"breadcrumb\":{\"@id\":\"https:\/\/outlanders.com.co\/bahia-solano-4d3n-whale-watching-private-room-2-pax\/#breadcrumb\"},\"inLanguage\":\"es-CO\",\"potentialAction\":[{\"@type\":\"ReadAction\",\"target\":[\"https:\/\/outlanders.com.co\/bahia-solano-4d3n-whale-watching-private-room-2-pax\/\"]}]},{\"@type\":\"ImageObject\",\"inLanguage\":\"es-CO\",\"@id\":\"https:\/\/outlanders.com.co\/bahia-solano-4d3n-whale-watching-private-room-2-pax\/#primaryimage\",\"url\":\"https:\/\/outlanders.com.co\/wp-content\/uploads\/2024\/07\/0dbef0de-4e79-4328-9e0f-4b4182822eae-e1739290124960.jpg\",\"contentUrl\":\"https:\/\/outlanders.com.co\/wp-content\/uploads\/2024\/07\/0dbef0de-4e79-4328-9e0f-4b4182822eae-e1739290124960.jpg\",\"width\":1280,\"height\":800},{\"@type\":\"BreadcrumbList\",\"@id\":\"https:\/\/outlanders.com.co\/bahia-solano-4d3n-whale-watching-private-room-2-pax\/#breadcrumb\",\"itemListElement\":[{\"@type\":\"ListItem\",\"position\":1,\"name\":\"Home\",\"item\":\"https:\/\/outlanders.com.co\/\"},{\"@type\":\"ListItem\",\"position\":2,\"name\":\"BAH\u00cdA SOLANO 4D3N whale watching\"}]},{\"@type\":\"WebSite\",\"@id\":\"https:\/\/outlanders.com.co\/#website\",\"url\":\"https:\/\/outlanders.com.co\/\",\"name\":\"outlanders.com\",\"description\":\"\",\"potentialAction\":[{\"@type\":\"SearchAction\",\"target\":{\"@type\":\"EntryPoint\",\"urlTemplate\":\"https:\/\/outlanders.com.co\/?s={search_term_string}\"},\"query-input\":{\"@type\":\"PropertyValueSpecification\",\"valueRequired\":true,\"valueName\":\"search_term_string\"}}],\"inLanguage\":\"es-CO\"}]}<\/script>\n<!-- \/ Yoast SEO plugin. -->","yoast_head_json":{"title":"BAH\u00cdA SOLANO 4D3N whale watching - Outlanders Colombia","robots":{"index":"index","follow":"follow","max-snippet":"max-snippet:-1","max-image-preview":"max-image-preview:large","max-video-preview":"max-video-preview:-1"},"canonical":"https:\/\/outlanders.com.co\/es\/bahia-solano-4d3n-whale-watching-private-room-2-pax\/","og_locale":"es_ES","og_type":"article","og_title":"BAH\u00cdA SOLANO 4D3N whale watching - Outlanders Colombia","og_description":"BAH\u00cdA SOLANO 4D3N whale watching GROUP TRAVEL DATES FROM: $1.450.000 PER PERSON 4 days and 3 nights&nbsp;(2025) AUGUST &#8211; 15 to 18 AUGUST (holiday weekend \/ last spots available) Daily departures from Bogot\u00e1, Cartago or Medell\u00edn with an extra price. Read all the information of this trip here:https:\/\/outlanders.com.co\/en\/tour\/bahia-solano-adventure-4d3n\/ \ud83d\udcf2 Contact us: +(57) 310 521 4014 \ud83c\uddec\ud83c\udde7Direct link to WhatsApp:&nbsp;bit.ly\/ChatViajesOutlanders","og_url":"https:\/\/outlanders.com.co\/es\/bahia-solano-4d3n-whale-watching-private-room-2-pax\/","og_site_name":"Outlanders Colombia","article_modified_time":"2025-02-19T20:26:51+00:00","og_image":[{"width":1280,"height":800,"url":"http:\/\/outlanders.com.co\/wp-content\/uploads\/2024\/07\/0dbef0de-4e79-4328-9e0f-4b4182822eae-e1739290124960.jpg","type":"image\/jpeg"}],"twitter_card":"summary_large_image","twitter_misc":{"Tiempo de lectura":"1 minuto"},"schema":{"@context":"https:\/\/schema.org","@graph":[{"@type":"WebPage","@id":"https:\/\/outlanders.com.co\/bahia-solano-4d3n-whale-watching-private-room-2-pax\/","url":"https:\/\/outlanders.com.co\/bahia-solano-4d3n-whale-watching-private-room-2-pax\/","name":"BAH\u00cdA SOLANO 4D3N whale watching - Outlanders Colombia","isPartOf":{"@id":"https:\/\/outlanders.com.co\/#website"},"primaryImageOfPage":{"@id":"https:\/\/outlanders.com.co\/bahia-solano-4d3n-whale-watching-private-room-2-pax\/#primaryimage"},"image":{"@id":"https:\/\/outlanders.com.co\/bahia-solano-4d3n-whale-watching-private-room-2-pax\/#primaryimage"},"thumbnailUrl":"https:\/\/outlanders.com.co\/wp-content\/uploads\/2024\/07\/0dbef0de-4e79-4328-9e0f-4b4182822eae-e1739290124960.jpg","datePublished":"2024-08-23T20:58:27+00:00","dateModified":"2025-02-19T20:26:51+00:00","breadcrumb":{"@id":"https:\/\/outlanders.com.co\/bahia-solano-4d3n-whale-watching-private-room-2-pax\/#breadcrumb"},"inLanguage":"es-CO","potentialAction":[{"@type":"ReadAction","target":["https:\/\/outlanders.com.co\/bahia-solano-4d3n-whale-watching-private-room-2-pax\/"]}]},{"@type":"ImageObject","inLanguage":"es-CO","@id":"https:\/\/outlanders.com.co\/bahia-solano-4d3n-whale-watching-private-room-2-pax\/#primaryimage","url":"https:\/\/outlanders.com.co\/wp-content\/uploads\/2024\/07\/0dbef0de-4e79-4328-9e0f-4b4182822eae-e1739290124960.jpg","contentUrl":"https:\/\/outlanders.com.co\/wp-content\/uploads\/2024\/07\/0dbef0de-4e79-4328-9e0f-4b4182822eae-e1739290124960.jpg","width":1280,"height":800},{"@type":"BreadcrumbList","@id":"https:\/\/outlanders.com.co\/bahia-solano-4d3n-whale-watching-private-room-2-pax\/#breadcrumb","itemListElement":[{"@type":"ListItem","position":1,"name":"Home","item":"https:\/\/outlanders.com.co\/"},{"@type":"ListItem","position":2,"name":"BAH\u00cdA SOLANO 4D3N whale watching"}]},{"@type":"WebSite","@id":"https:\/\/outlanders.com.co\/#website","url":"https:\/\/outlanders.com.co\/","name":"outlanders.com","description":"","potentialAction":[{"@type":"SearchAction","target":{"@type":"EntryPoint","urlTemplate":"https:\/\/outlanders.com.co\/?s={search_term_string}"},"query-input":{"@type":"PropertyValueSpecification","valueRequired":true,"valueName":"search_term_string"}}],"inLanguage":"es-CO"}]}},"_links":{"self":[{"href":"https:\/\/outlanders.com.co\/es\/wp-json\/wp\/v2\/pages\/3014","targetHints":{"allow":["GET"]}}],"collection":[{"href":"https:\/\/outlanders.com.co\/es\/wp-json\/wp\/v2\/pages"}],"about":[{"href":"https:\/\/outlanders.com.co\/es\/wp-json\/wp\/v2\/types\/page"}],"author":[{"embeddable":true,"href":"https:\/\/outlanders.com.co\/es\/wp-json\/wp\/v2\/users\/3"}],"replies":[{"embeddable":true,"href":"https:\/\/outlanders.com.co\/es\/wp-json\/wp\/v2\/comments?post=3014"}],"version-history":[{"count":19,"href":"https:\/\/outlanders.com.co\/es\/wp-json\/wp\/v2\/pages\/3014\/revisions"}],"predecessor-version":[{"id":4490,"href":"https:\/\/outlanders.com.co\/es\/wp-json\/wp\/v2\/pages\/3014\/revisions\/4490"}],"wp:featuredmedia":[{"embeddable":true,"href":"https:\/\/outlanders.com.co\/es\/wp-json\/wp\/v2\/media\/4245"}],"wp:attachment":[{"href":"https:\/\/outlanders.com.co\/es\/wp-json\/wp\/v2\/media?parent=3014"}],"wp:term":[{"taxonomy":"wf_page_folders","embeddable":true,"href":"https:\/\/outlanders.com.co\/es\/wp-json\/wp\/v2\/wf_page_folders?post=3014"}],"curies":[{"name":"wp","href":"https:\/\/api.w.org\/{rel}","templated":true}]}}